{"id":12993,"date":"2024-08-21T20:08:58","date_gmt":"2024-08-21T20:08:58","guid":{"rendered":"https:\/\/metalpanel.com.mx\/arquitectonico\/?page_id=12993"},"modified":"2025-05-06T21:07:48","modified_gmt":"2025-05-06T21:07:48","slug":"garantias","status":"publish","type":"page","link":"https:\/\/metalpanel.com.mx\/arquitectonico\/garantias\/","title":{"rendered":"Garantias"},"content":{"rendered":"\t\t<div data-elementor-type=\"wp-page\" data-elementor-id=\"12993\" class=\"elementor elementor-12993\">\n\t\t\t\t\t\t<section class=\"elementor-section elementor-top-section elementor-element elementor-element-189970cf elementor-section-stretched elementor-section-height-min-height elementor-section-boxed elementor-section-height-default elementor-section-items-middle\" data-id=\"189970cf\" data-element_type=\"section\" data-e-type=\"section\" data-settings=\"{&quot;stretch_section&quot;:&quot;section-stretched&quot;,&quot;background_background&quot;:&quot;classic&quot;}\">\n\t\t\t\t\t\t\t<div class=\"elementor-background-overlay\"><\/div>\n\t\t\t\t\t\t\t<div class=\"elementor-container elementor-column-gap-default\">\n\t\t\t\t\t<div class=\"elementor-column elementor-col-100 elementor-top-column elementor-element elementor-element-7520ea3\" data-id=\"7520ea3\" data-element_type=\"column\" data-e-type=\"column\">\n\t\t\t<div class=\"elementor-widget-wrap elementor-element-populated\">\n\t\t\t\t\t\t<div class=\"elementor-element elementor-element-4a6ecc16 elementor-widget elementor-widget-heading\" data-id=\"4a6ecc16\" data-element_type=\"widget\" data-e-type=\"widget\" data-widget_type=\"heading.default\">\n\t\t\t\t<div class=\"elementor-widget-container\">\n\t\t\t\t\t<h5 class=\"elementor-heading-title elementor-size-default\">Garantias<\/h5>\t\t\t\t<\/div>\n\t\t\t\t<\/div>\n\t\t\t\t\t<\/div>\n\t\t<\/div>\n\t\t\t\t\t<\/div>\n\t\t<\/section>\n\t\t\t\t<section class=\"elementor-section elementor-top-section elementor-element elementor-element-328060a9 elementor-section-boxed elementor-section-height-default elementor-section-height-default\" data-id=\"328060a9\" data-element_type=\"section\" data-e-type=\"section\" data-settings=\"{&quot;background_background&quot;:&quot;classic&quot;}\">\n\t\t\t\t\t\t<div class=\"elementor-container elementor-column-gap-default\">\n\t\t\t\t\t<div class=\"elementor-column elementor-col-100 elementor-top-column elementor-element elementor-element-2d00e9d2\" data-id=\"2d00e9d2\" data-element_type=\"column\" data-e-type=\"column\">\n\t\t\t<div class=\"elementor-widget-wrap elementor-element-populated\">\n\t\t\t\t\t\t<div class=\"elementor-element elementor-element-5fabbcf9 elementor-widget elementor-widget-spacer\" data-id=\"5fabbcf9\" data-element_type=\"widget\" data-e-type=\"widget\" data-widget_type=\"spacer.default\">\n\t\t\t\t<div class=\"elementor-widget-container\">\n\t\t\t\t\t\t\t<div class=\"elementor-spacer\">\n\t\t\t<div class=\"elementor-spacer-inner\"><\/div>\n\t\t<\/div>\n\t\t\t\t\t\t<\/div>\n\t\t\t\t<\/div>\n\t\t\t\t\t<\/div>\n\t\t<\/div>\n\t\t\t\t\t<\/div>\n\t\t<\/section>\n\t\t\t\t<section class=\"elementor-section elementor-top-section elementor-element elementor-element-5a4eff79 elementor-section-boxed elementor-section-height-default elementor-section-height-default\" data-id=\"5a4eff79\" data-element_type=\"section\" data-e-type=\"section\" data-settings=\"{&quot;background_background&quot;:&quot;classic&quot;}\">\n\t\t\t\t\t\t<div class=\"elementor-container elementor-column-gap-default\">\n\t\t\t\t\t<div class=\"elementor-column elementor-col-100 elementor-top-column elementor-element elementor-element-4474b20d\" data-id=\"4474b20d\" data-element_type=\"column\" data-e-type=\"column\">\n\t\t\t<div class=\"elementor-widget-wrap elementor-element-populated\">\n\t\t\t\t\t\t<section class=\"elementor-section elementor-inner-section elementor-element elementor-element-229e906d elementor-section-boxed elementor-section-height-default elementor-section-height-default\" data-id=\"229e906d\" data-element_type=\"section\" data-e-type=\"section\">\n\t\t\t\t\t\t<div class=\"elementor-container elementor-column-gap-default\">\n\t\t\t\t\t<div class=\"elementor-column elementor-col-50 elementor-inner-column elementor-element elementor-element-ad08539\" data-id=\"ad08539\" data-element_type=\"column\" data-e-type=\"column\">\n\t\t\t<div class=\"elementor-widget-wrap elementor-element-populated\">\n\t\t\t\t\t\t<div class=\"elementor-element elementor-element-45798028 elementor-widget elementor-widget-text-editor\" data-id=\"45798028\" data-element_type=\"widget\" data-e-type=\"widget\" data-widget_type=\"text-editor.default\">\n\t\t\t\t<div class=\"elementor-widget-container\">\n\t\t\t\t\t\t\t\t\t<p><strong>En Metal Panel, comprendemos los desaf\u00edos \u00fanicos que enfrentan los profesionales del dise\u00f1o y la construcci\u00f3n todos los d\u00edas. Para apoyar en el cumplimiento de estas demandas, los productos de Metal Panel se ofrecen junto con la orientaci\u00f3n y experiencia t\u00e9cnica de nuestro equipo. Una vez finalizada la construcci\u00f3n, nuestros productos cuentan con garant\u00edas, siempre y cuando sean instalados por personal autorizado y capacitado por Metal Panel.<\/strong><\/p>\t\t\t\t\t\t\t\t<\/div>\n\t\t\t\t<\/div>\n\t\t\t\t\t<\/div>\n\t\t<\/div>\n\t\t\t\t<div class=\"elementor-column elementor-col-50 elementor-inner-column elementor-element elementor-element-5ade73be\" data-id=\"5ade73be\" data-element_type=\"column\" data-e-type=\"column\">\n\t\t\t<div class=\"elementor-widget-wrap elementor-element-populated\">\n\t\t\t\t\t\t<div class=\"elementor-element elementor-element-58862839 elementor-widget elementor-widget-image\" data-id=\"58862839\" data-element_type=\"widget\" data-e-type=\"widget\" data-widget_type=\"image.default\">\n\t\t\t\t<div class=\"elementor-widget-container\">\n\t\t\t\t\t\t\t\t\t\t\t\t\t\t\t<img fetchpriority=\"high\" decoding=\"async\" width=\"248\" height=\"248\" src=\"https:\/\/metalpanel.com.mx\/arquitectonico\/wp-content\/uploads\/2024\/08\/garantia_precios_checkmark.png\" class=\"attachment-large size-large wp-image-12996\" alt=\"\" srcset=\"https:\/\/metalpanel.com.mx\/arquitectonico\/wp-content\/uploads\/2024\/08\/garantia_precios_checkmark.png 248w, https:\/\/metalpanel.com.mx\/arquitectonico\/wp-content\/uploads\/2024\/08\/garantia_precios_checkmark-150x150.png 150w\" sizes=\"(max-width: 248px) 100vw, 248px\" \/>\t\t\t\t\t\t\t\t\t\t\t\t\t\t\t<\/div>\n\t\t\t\t<\/div>\n\t\t\t\t\t<\/div>\n\t\t<\/div>\n\t\t\t\t\t<\/div>\n\t\t<\/section>\n\t\t\t\t\t<\/div>\n\t\t<\/div>\n\t\t\t\t\t<\/div>\n\t\t<\/section>\n\t\t\t\t<section class=\"elementor-section elementor-top-section elementor-element elementor-element-7c84874a elementor-section-boxed elementor-section-height-default elementor-section-height-default\" data-id=\"7c84874a\" data-element_type=\"section\" data-e-type=\"section\" data-settings=\"{&quot;background_background&quot;:&quot;classic&quot;}\">\n\t\t\t\t\t\t<div class=\"elementor-container elementor-column-gap-default\">\n\t\t\t\t\t<div class=\"elementor-column elementor-col-100 elementor-top-column elementor-element elementor-element-6858f129\" data-id=\"6858f129\" data-element_type=\"column\" data-e-type=\"column\">\n\t\t\t<div class=\"elementor-widget-wrap elementor-element-populated\">\n\t\t\t\t\t\t<div class=\"elementor-element elementor-element-f71d620 elementor-widget elementor-widget-text-editor\" data-id=\"f71d620\" data-element_type=\"widget\" data-e-type=\"widget\" data-widget_type=\"text-editor.default\">\n\t\t\t\t<div class=\"elementor-widget-container\">\n\t\t\t\t\t\t\t\t\t<p><strong>Metal Panel pone a disposici\u00f3n del cliente, v\u00eda electr\u00f3nica, las especificaciones e informaci\u00f3n t\u00e9cnica necesarias para el transporte, manejo, almacenaje, instalaci\u00f3n y mantenimiento en campo de sus productos o sistemas.<\/strong><\/p><p><strong>La responsabilidad de Metal Panel por defectos cubiertos bajo esta garant\u00eda se limita a reparar o repintar el material en esas condiciones. Se entiende que la garant\u00eda solo cubre el tiempo restante del per\u00edodo aplicable al material originalmente comprado y no incluye materiales, instalaciones o accesorios que no formen parte del sistema constructivo.<\/strong><\/p><p><strong>Bajo ninguna circunstancia se aplicar\u00e1 esta garant\u00eda si los materiales y sus componentes, ya instalados y en funcionamiento, son modificados, removidos, perforados, cortados, pintados, alterados o reparados por mano de obra ajena a Metal Panel, ya sea por el cliente o por terceros.<\/strong><\/p>\t\t\t\t\t\t\t\t<\/div>\n\t\t\t\t<\/div>\n\t\t\t\t\t<\/div>\n\t\t<\/div>\n\t\t\t\t\t<\/div>\n\t\t<\/section>\n\t\t\t\t<section class=\"elementor-section elementor-top-section elementor-element elementor-element-418a2c58 elementor-section-boxed elementor-section-height-default elementor-section-height-default\" data-id=\"418a2c58\" data-element_type=\"section\" data-e-type=\"section\" data-settings=\"{&quot;background_background&quot;:&quot;classic&quot;}\">\n\t\t\t\t\t\t<div class=\"elementor-container elementor-column-gap-default\">\n\t\t\t\t\t<div class=\"elementor-column elementor-col-100 elementor-top-column elementor-element elementor-element-7c2b4dc0\" data-id=\"7c2b4dc0\" data-element_type=\"column\" data-e-type=\"column\">\n\t\t\t<div class=\"elementor-widget-wrap elementor-element-populated\">\n\t\t\t\t\t\t<div class=\"elementor-element elementor-element-3fd7b8db elementor-widget elementor-widget-spacer\" data-id=\"3fd7b8db\" data-element_type=\"widget\" data-e-type=\"widget\" data-widget_type=\"spacer.default\">\n\t\t\t\t<div class=\"elementor-widget-container\">\n\t\t\t\t\t\t\t<div class=\"elementor-spacer\">\n\t\t\t<div class=\"elementor-spacer-inner\"><\/div>\n\t\t<\/div>\n\t\t\t\t\t\t<\/div>\n\t\t\t\t<\/div>\n\t\t\t\t\t<\/div>\n\t\t<\/div>\n\t\t\t\t\t<\/div>\n\t\t<\/section>\n\t\t\t\t<\/div>\n\t\t","protected":false},"excerpt":{"rendered":"<p>Garantias En Metal Panel, comprendemos los desaf\u00edos \u00fanicos que enfrentan los profesionales del dise\u00f1o y la construcci\u00f3n todos los d\u00edas. Para apoyar en el cumplimiento de estas demandas, los productos de Metal Panel se ofrecen junto con la orientaci\u00f3n y experiencia t\u00e9cnica de nuestro equipo. Una vez finalizada la construcci\u00f3n, nuestros productos cuentan con garant\u00edas, siempre y cuando sean instalados por personal autorizado y capacitado por Metal Panel. Metal Panel pone a disposici\u00f3n del cliente, v\u00eda electr\u00f3nica, las especificaciones e informaci\u00f3n t\u00e9cnica necesarias para el transporte, manejo, almacenaje, instalaci\u00f3n y mantenimiento en campo de sus productos o sistemas. La responsabilidad de Metal Panel por defectos cubiertos bajo esta garant\u00eda se limita a reparar o repintar el material en esas condiciones. Se entiende que la garant\u00eda solo cubre el tiempo restante del per\u00edodo aplicable al material originalmente comprado y no incluye materiales, instalaciones o accesorios que no formen parte del sistema&hellip;<\/p>\n<p> <a class=\"more-link\" href=\"https:\/\/metalpanel.com.mx\/arquitectonico\/garantias\/\">Leer m\u00e1s<\/a><\/p>\n","protected":false},"author":1,"featured_media":0,"parent":0,"menu_order":0,"comment_status":"closed","ping_status":"closed","template":"elementor_header_footer","meta":{"footnotes":""},"class_list":["post-12993","page","type-page","status-publish"],"_links":{"self":[{"href":"https:\/\/metalpanel.com.mx\/arquitectonico\/wp-json\/wp\/v2\/pages\/12993","targetHints":{"allow":["GET"]}}],"collection":[{"href":"https:\/\/metalpanel.com.mx\/arquitectonico\/wp-json\/wp\/v2\/pages"}],"about":[{"href":"https:\/\/metalpanel.com.mx\/arquitectonico\/wp-json\/wp\/v2\/types\/page"}],"author":[{"embeddable":true,"href":"https:\/\/metalpanel.com.mx\/arquitectonico\/wp-json\/wp\/v2\/users\/1"}],"replies":[{"embeddable":true,"href":"https:\/\/metalpanel.com.mx\/arquitectonico\/wp-json\/wp\/v2\/comments?post=12993"}],"version-history":[{"count":7,"href":"https:\/\/metalpanel.com.mx\/arquitectonico\/wp-json\/wp\/v2\/pages\/12993\/revisions"}],"predecessor-version":[{"id":14625,"href":"https:\/\/metalpanel.com.mx\/arquitectonico\/wp-json\/wp\/v2\/pages\/12993\/revisions\/14625"}],"wp:attachment":[{"href":"https:\/\/metalpanel.com.mx\/arquitectonico\/wp-json\/wp\/v2\/media?parent=12993"}],"curies":[{"name":"wp","href":"https:\/\/api.w.org\/{rel}","templated":true}]}}