{"id":13005,"date":"2024-08-21T22:34:48","date_gmt":"2024-08-21T22:34:48","guid":{"rendered":"https:\/\/metalpanel.com.mx\/arquitectonico\/?page_id=13005"},"modified":"2025-05-29T00:22:55","modified_gmt":"2025-05-29T00:22:55","slug":"asesoria-tecnica","status":"publish","type":"page","link":"https:\/\/metalpanel.com.mx\/arquitectonico\/asesoria-tecnica\/","title":{"rendered":"Asesor\u00eda T\u00e9cnica"},"content":{"rendered":"\t\t<div data-elementor-type=\"wp-page\" data-elementor-id=\"13005\" class=\"elementor elementor-13005\">\n\t\t\t\t\t\t<section class=\"elementor-section elementor-top-section elementor-element elementor-element-d2b7913 elementor-section-boxed elementor-section-height-default elementor-section-height-default\" data-id=\"d2b7913\" data-element_type=\"section\" data-e-type=\"section\" data-settings=\"{&quot;background_background&quot;:&quot;classic&quot;}\">\n\t\t\t\t\t\t\t<div class=\"elementor-background-overlay\"><\/div>\n\t\t\t\t\t\t\t<div class=\"elementor-container elementor-column-gap-default\">\n\t\t\t\t\t<div class=\"elementor-column elementor-col-100 elementor-top-column elementor-element elementor-element-42f5fee4\" data-id=\"42f5fee4\" data-element_type=\"column\" data-e-type=\"column\">\n\t\t\t<div class=\"elementor-widget-wrap elementor-element-populated\">\n\t\t\t\t\t\t<div class=\"elementor-element elementor-element-7ec3978f elementor-widget elementor-widget-heading\" data-id=\"7ec3978f\" data-element_type=\"widget\" data-e-type=\"widget\" data-widget_type=\"heading.default\">\n\t\t\t\t<div class=\"elementor-widget-container\">\n\t\t\t\t\t<h2 class=\"elementor-heading-title elementor-size-large\">Asesoria tecnica personalizada<\/h2>\t\t\t\t<\/div>\n\t\t\t\t<\/div>\n\t\t\t\t\t<\/div>\n\t\t<\/div>\n\t\t\t\t\t<\/div>\n\t\t<\/section>\n\t\t\t\t<section class=\"elementor-section elementor-top-section elementor-element elementor-element-1d82a4ca elementor-section-content-middle elementor-reverse-mobile elementor-section-boxed elementor-section-height-default elementor-section-height-default\" data-id=\"1d82a4ca\" data-element_type=\"section\" data-e-type=\"section\" data-settings=\"{&quot;background_background&quot;:&quot;classic&quot;}\">\n\t\t\t\t\t\t<div class=\"elementor-container elementor-column-gap-default\">\n\t\t\t\t\t<div class=\"elementor-column elementor-col-50 elementor-top-column elementor-element elementor-element-1bf7ec04\" data-id=\"1bf7ec04\" data-element_type=\"column\" data-e-type=\"column\">\n\t\t\t<div class=\"elementor-widget-wrap elementor-element-populated\">\n\t\t\t\t\t\t<div class=\"elementor-element elementor-element-6ad15232 elementor-widget elementor-widget-heading\" data-id=\"6ad15232\" data-element_type=\"widget\" data-e-type=\"widget\" data-widget_type=\"heading.default\">\n\t\t\t\t<div class=\"elementor-widget-container\">\n\t\t\t\t\t<h2 class=\"elementor-heading-title elementor-size-default\">Servicios t\u00e9cnicos<\/h2>\t\t\t\t<\/div>\n\t\t\t\t<\/div>\n\t\t\t\t<div class=\"elementor-element elementor-element-7978da6 elementor-widget elementor-widget-text-editor\" data-id=\"7978da6\" data-element_type=\"widget\" data-e-type=\"widget\" data-widget_type=\"text-editor.default\">\n\t\t\t\t<div class=\"elementor-widget-container\">\n\t\t\t\t\t\t\t\t\t<p><strong>El departamento de asesor\u00eda t\u00e9cnica de Metal Panel ofrece un servicio integral de consultor\u00eda para ayudar a los especificadores, arquitectos y contratistas de instalaci\u00f3n con el dise\u00f1o del edificio, los detalles y la asistencia en la instalaci\u00f3n.<\/strong><\/p><p><strong>Nuestros servicios incluyen:<\/strong><\/p><ul><li><strong>Detalles de Sistemas Arquitectonicos y especificaciones de materiales.<\/strong><\/li><li><strong>Requisitos de soporte del producto.<\/strong><\/li><li><strong>Informaci\u00f3n sobre barreras t\u00e9rmicas, infiltraci\u00f3n de aire y rendimiento frente a la penetraci\u00f3n de agua.<\/strong><\/li><li><strong>Cumplimiento de c\u00f3digos de construcci\u00f3n.<\/strong><\/li><li><strong>C\u00e1lculos de carga de viento y nieve.<\/strong><\/li><li><strong>Revisi\u00f3n de detalles constructivos.<\/strong><\/li><li><strong>Informaci\u00f3n sobre certificaciones LEED.<\/strong><\/li><li><strong>Env\u00edo de paquetes por proyecto.<\/strong><\/li><li><strong>Pruebas de requisitos.<\/strong><\/li><li><strong>Certificaci\u00f3n de producci\u00f3n y listado.<\/strong><\/li><\/ul>\t\t\t\t\t\t\t\t<\/div>\n\t\t\t\t<\/div>\n\t\t\t\t\t<\/div>\n\t\t<\/div>\n\t\t\t\t<div class=\"elementor-column elementor-col-50 elementor-top-column elementor-element elementor-element-3835944e\" data-id=\"3835944e\" data-element_type=\"column\" data-e-type=\"column\">\n\t\t\t<div class=\"elementor-widget-wrap elementor-element-populated\">\n\t\t\t\t\t\t<div class=\"elementor-element elementor-element-695ebb3f elementor-widget elementor-widget-image\" data-id=\"695ebb3f\" data-element_type=\"widget\" data-e-type=\"widget\" data-widget_type=\"image.default\">\n\t\t\t\t<div class=\"elementor-widget-container\">\n\t\t\t\t\t\t\t\t\t\t\t\t\t\t\t<img fetchpriority=\"high\" decoding=\"async\" width=\"768\" height=\"576\" src=\"https:\/\/metalpanel.com.mx\/arquitectonico\/wp-content\/uploads\/2024\/08\/servicios-asesoria-tecnica-768x576.jpg\" class=\"attachment-medium_large size-medium_large wp-image-13022\" alt=\"\" srcset=\"https:\/\/metalpanel.com.mx\/arquitectonico\/wp-content\/uploads\/2024\/08\/servicios-asesoria-tecnica-768x576.jpg 768w, https:\/\/metalpanel.com.mx\/arquitectonico\/wp-content\/uploads\/2024\/08\/servicios-asesoria-tecnica-300x225.jpg 300w, https:\/\/metalpanel.com.mx\/arquitectonico\/wp-content\/uploads\/2024\/08\/servicios-asesoria-tecnica.jpg 800w\" sizes=\"(max-width: 768px) 100vw, 768px\" \/>\t\t\t\t\t\t\t\t\t\t\t\t\t\t\t<\/div>\n\t\t\t\t<\/div>\n\t\t\t\t\t<\/div>\n\t\t<\/div>\n\t\t\t\t\t<\/div>\n\t\t<\/section>\n\t\t\t\t<section class=\"elementor-section elementor-top-section elementor-element elementor-element-4233d08f elementor-section-content-middle elementor-section-boxed elementor-section-height-default elementor-section-height-default\" data-id=\"4233d08f\" data-element_type=\"section\" data-e-type=\"section\" data-settings=\"{&quot;background_background&quot;:&quot;classic&quot;}\">\n\t\t\t\t\t\t<div class=\"elementor-container elementor-column-gap-no\">\n\t\t\t\t\t<div class=\"elementor-column elementor-col-50 elementor-top-column elementor-element elementor-element-4f129012\" data-id=\"4f129012\" data-element_type=\"column\" data-e-type=\"column\">\n\t\t\t<div class=\"elementor-widget-wrap elementor-element-populated\">\n\t\t\t\t\t\t<div class=\"elementor-element elementor-element-576566a2 elementor-widget elementor-widget-image\" data-id=\"576566a2\" data-element_type=\"widget\" data-e-type=\"widget\" data-widget_type=\"image.default\">\n\t\t\t\t<div class=\"elementor-widget-container\">\n\t\t\t\t\t\t\t\t\t\t\t\t\t\t\t<img decoding=\"async\" width=\"570\" height=\"498\" src=\"https:\/\/metalpanel.com.mx\/arquitectonico\/wp-content\/uploads\/2024\/08\/study-box_1.jpg\" class=\"attachment-large size-large wp-image-13009\" alt=\"\" srcset=\"https:\/\/metalpanel.com.mx\/arquitectonico\/wp-content\/uploads\/2024\/08\/study-box_1.jpg 570w, https:\/\/metalpanel.com.mx\/arquitectonico\/wp-content\/uploads\/2024\/08\/study-box_1-300x262.jpg 300w\" sizes=\"(max-width: 570px) 100vw, 570px\" \/>\t\t\t\t\t\t\t\t\t\t\t\t\t\t\t<\/div>\n\t\t\t\t<\/div>\n\t\t\t\t\t<\/div>\n\t\t<\/div>\n\t\t\t\t<div class=\"elementor-column elementor-col-50 elementor-top-column elementor-element elementor-element-4aca7bbd\" data-id=\"4aca7bbd\" data-element_type=\"column\" data-e-type=\"column\" data-settings=\"{&quot;background_background&quot;:&quot;classic&quot;}\">\n\t\t\t<div class=\"elementor-widget-wrap elementor-element-populated\">\n\t\t\t\t\t\t<div class=\"elementor-element elementor-element-562ff0f7 elementor-view-default elementor-widget elementor-widget-icon\" data-id=\"562ff0f7\" data-element_type=\"widget\" data-e-type=\"widget\" data-widget_type=\"icon.default\">\n\t\t\t\t<div class=\"elementor-widget-container\">\n\t\t\t\t\t\t\t<div class=\"elementor-icon-wrapper\">\n\t\t\t<div class=\"elementor-icon\">\n\t\t\t\t\t\t\t<i class=\"fa fa-graduation-cap\" aria-hidden=\"true\"><\/i>\n\t\t\t\t\t\t<\/div>\n\t\t<\/div>\n\t\t\t\t\t\t<\/div>\n\t\t\t\t<\/div>\n\t\t\t\t<div class=\"elementor-element elementor-element-6859fbee elementor-widget elementor-widget-heading\" data-id=\"6859fbee\" data-element_type=\"widget\" data-e-type=\"widget\" data-widget_type=\"heading.default\">\n\t\t\t\t<div class=\"elementor-widget-container\">\n\t\t\t\t\t<h3 class=\"elementor-heading-title elementor-size-large\">Asesor\u00eda t\u00e9cnica especializada<\/h3>\t\t\t\t<\/div>\n\t\t\t\t<\/div>\n\t\t\t\t<div class=\"elementor-element elementor-element-1052d8e5 elementor-widget elementor-widget-text-editor\" data-id=\"1052d8e5\" data-element_type=\"widget\" data-e-type=\"widget\" data-widget_type=\"text-editor.default\">\n\t\t\t\t<div class=\"elementor-widget-container\">\n\t\t\t\t\t\t\t\t\t<p><strong>El soporte del an\u00e1lisis inicial, a trav\u00e9s de los servicios de asesor\u00eda t\u00e9cnica de Metal Panel, proporcionar\u00e1 a los equipos de dise\u00f1o, escenarios de rendimiento clave para ayudarles a tomar decisiones m\u00e1s informadas en las etapas iniciales del proyecto.<\/strong><\/p>\t\t\t\t\t\t\t\t<\/div>\n\t\t\t\t<\/div>\n\t\t\t\t\t<\/div>\n\t\t<\/div>\n\t\t\t\t\t<\/div>\n\t\t<\/section>\n\t\t\t\t<section class=\"elementor-section elementor-top-section elementor-element elementor-element-4793b587 elementor-section-content-middle elementor-reverse-mobile elementor-section-boxed elementor-section-height-default elementor-section-height-default\" data-id=\"4793b587\" data-element_type=\"section\" data-e-type=\"section\" data-settings=\"{&quot;background_background&quot;:&quot;classic&quot;}\">\n\t\t\t\t\t\t<div class=\"elementor-container elementor-column-gap-no\">\n\t\t\t\t\t<div class=\"elementor-column elementor-col-50 elementor-top-column elementor-element elementor-element-1e34ed8b\" data-id=\"1e34ed8b\" data-element_type=\"column\" data-e-type=\"column\" data-settings=\"{&quot;background_background&quot;:&quot;classic&quot;}\">\n\t\t\t<div class=\"elementor-widget-wrap elementor-element-populated\">\n\t\t\t\t\t\t<div class=\"elementor-element elementor-element-2580a346 elementor-view-default elementor-widget elementor-widget-icon\" data-id=\"2580a346\" data-element_type=\"widget\" data-e-type=\"widget\" data-widget_type=\"icon.default\">\n\t\t\t\t<div class=\"elementor-widget-container\">\n\t\t\t\t\t\t\t<div class=\"elementor-icon-wrapper\">\n\t\t\t<div class=\"elementor-icon\">\n\t\t\t<svg aria-hidden=\"true\" class=\"e-font-icon-svg e-fab-houzz\" viewBox=\"0 0 448 512\" xmlns=\"http:\/\/www.w3.org\/2000\/svg\"><path d=\"M275.9 330.7H171.3V480H17V32h109.5v104.5l305.1 85.6V480H275.9z\"><\/path><\/svg>\t\t\t<\/div>\n\t\t<\/div>\n\t\t\t\t\t\t<\/div>\n\t\t\t\t<\/div>\n\t\t\t\t<div class=\"elementor-element elementor-element-167a96da elementor-widget elementor-widget-heading\" data-id=\"167a96da\" data-element_type=\"widget\" data-e-type=\"widget\" data-widget_type=\"heading.default\">\n\t\t\t\t<div class=\"elementor-widget-container\">\n\t\t\t\t\t<h3 class=\"elementor-heading-title elementor-size-large\">Las mejores soluciones<\/h3>\t\t\t\t<\/div>\n\t\t\t\t<\/div>\n\t\t\t\t<div class=\"elementor-element elementor-element-15c31dcb elementor-widget elementor-widget-text-editor\" data-id=\"15c31dcb\" data-element_type=\"widget\" data-e-type=\"widget\" data-widget_type=\"text-editor.default\">\n\t\t\t\t<div class=\"elementor-widget-container\">\n\t\t\t\t\t\t\t\t\t<p><strong>Los servicios de asesor\u00eda t\u00e9cnica de Metal Panel, utilizando la informaci\u00f3n arquitect\u00f3nica y estructural suministrada por el cliente, pueden crear planos de planta, elevaciones, secciones y detalles espec\u00edficos del proyecto seg\u00fan sea necesario para la presentaci\u00f3n y verificaci\u00f3n final del cliente antes de la fabricaci\u00f3n. Una vez recibida la aprobaci\u00f3n final, se genera una lista completa de materiales a partir de los planos aprobados por Metal Panel, la cual se presenta al departamento de producci\u00f3n para su fabricaci\u00f3n.<\/strong><\/p>\t\t\t\t\t\t\t\t<\/div>\n\t\t\t\t<\/div>\n\t\t\t\t\t<\/div>\n\t\t<\/div>\n\t\t\t\t<div class=\"elementor-column elementor-col-50 elementor-top-column elementor-element elementor-element-4715c202\" data-id=\"4715c202\" data-element_type=\"column\" data-e-type=\"column\">\n\t\t\t<div class=\"elementor-widget-wrap elementor-element-populated\">\n\t\t\t\t\t\t<div class=\"elementor-element elementor-element-2ee4dda elementor-widget elementor-widget-image\" data-id=\"2ee4dda\" data-element_type=\"widget\" data-e-type=\"widget\" data-widget_type=\"image.default\">\n\t\t\t\t<div class=\"elementor-widget-container\">\n\t\t\t\t\t\t\t\t\t\t\t\t\t\t\t<img decoding=\"async\" width=\"1536\" height=\"2048\" src=\"https:\/\/metalpanel.com.mx\/arquitectonico\/wp-content\/uploads\/2024\/08\/439599237_834098602093897_7804047365533991574_n.jpg\" class=\"attachment-full size-full wp-image-13031\" alt=\"\" srcset=\"https:\/\/metalpanel.com.mx\/arquitectonico\/wp-content\/uploads\/2024\/08\/439599237_834098602093897_7804047365533991574_n.jpg 1536w, https:\/\/metalpanel.com.mx\/arquitectonico\/wp-content\/uploads\/2024\/08\/439599237_834098602093897_7804047365533991574_n-225x300.jpg 225w, https:\/\/metalpanel.com.mx\/arquitectonico\/wp-content\/uploads\/2024\/08\/439599237_834098602093897_7804047365533991574_n-768x1024.jpg 768w, https:\/\/metalpanel.com.mx\/arquitectonico\/wp-content\/uploads\/2024\/08\/439599237_834098602093897_7804047365533991574_n-1152x1536.jpg 1152w\" sizes=\"(max-width: 1536px) 100vw, 1536px\" \/>\t\t\t\t\t\t\t\t\t\t\t\t\t\t\t<\/div>\n\t\t\t\t<\/div>\n\t\t\t\t\t<\/div>\n\t\t<\/div>\n\t\t\t\t\t<\/div>\n\t\t<\/section>\n\t\t\t\t<\/div>\n\t\t","protected":false},"excerpt":{"rendered":"<p>Asesoria tecnica personalizada Servicios t\u00e9cnicos El departamento de asesor\u00eda t\u00e9cnica de Metal Panel ofrece un servicio integral de consultor\u00eda para ayudar a los especificadores, arquitectos y contratistas de instalaci\u00f3n con el dise\u00f1o del edificio, los detalles y la asistencia en la instalaci\u00f3n. Nuestros servicios incluyen: Detalles de Sistemas Arquitectonicos y especificaciones de materiales. Requisitos de soporte del producto. Informaci\u00f3n sobre barreras t\u00e9rmicas, infiltraci\u00f3n de aire y rendimiento frente a la penetraci\u00f3n de agua. Cumplimiento de c\u00f3digos de construcci\u00f3n. C\u00e1lculos de carga de viento y nieve. Revisi\u00f3n de detalles constructivos. Informaci\u00f3n sobre certificaciones LEED. Env\u00edo de paquetes por proyecto. Pruebas de requisitos. Certificaci\u00f3n de producci\u00f3n y listado. Asesor\u00eda t\u00e9cnica especializada El soporte del an\u00e1lisis inicial, a trav\u00e9s de los servicios de asesor\u00eda t\u00e9cnica de Metal Panel, proporcionar\u00e1 a los equipos de dise\u00f1o, escenarios de rendimiento clave para ayudarles a tomar decisiones m\u00e1s informadas en las etapas iniciales del proyecto. Las mejores&hellip;<\/p>\n<p> <a class=\"more-link\" href=\"https:\/\/metalpanel.com.mx\/arquitectonico\/asesoria-tecnica\/\">Leer m\u00e1s<\/a><\/p>\n","protected":false},"author":1,"featured_media":0,"parent":0,"menu_order":0,"comment_status":"closed","ping_status":"closed","template":"elementor_header_footer","meta":{"footnotes":""},"class_list":["post-13005","page","type-page","status-publish"],"_links":{"self":[{"href":"https:\/\/metalpanel.com.mx\/arquitectonico\/wp-json\/wp\/v2\/pages\/13005","targetHints":{"allow":["GET"]}}],"collection":[{"href":"https:\/\/metalpanel.com.mx\/arquitectonico\/wp-json\/wp\/v2\/pages"}],"about":[{"href":"https:\/\/metalpanel.com.mx\/arquitectonico\/wp-json\/wp\/v2\/types\/page"}],"author":[{"embeddable":true,"href":"https:\/\/metalpanel.com.mx\/arquitectonico\/wp-json\/wp\/v2\/users\/1"}],"replies":[{"embeddable":true,"href":"https:\/\/metalpanel.com.mx\/arquitectonico\/wp-json\/wp\/v2\/comments?post=13005"}],"version-history":[{"count":22,"href":"https:\/\/metalpanel.com.mx\/arquitectonico\/wp-json\/wp\/v2\/pages\/13005\/revisions"}],"predecessor-version":[{"id":15700,"href":"https:\/\/metalpanel.com.mx\/arquitectonico\/wp-json\/wp\/v2\/pages\/13005\/revisions\/15700"}],"wp:attachment":[{"href":"https:\/\/metalpanel.com.mx\/arquitectonico\/wp-json\/wp\/v2\/media?parent=13005"}],"curies":[{"name":"wp","href":"https:\/\/api.w.org\/{rel}","templated":true}]}}