{"id":13169,"date":"2024-09-02T19:59:54","date_gmt":"2024-09-02T19:59:54","guid":{"rendered":"https:\/\/metalpanel.com.mx\/arquitectonico\/?page_id=13169"},"modified":"2024-09-05T21:01:52","modified_gmt":"2024-09-05T21:01:52","slug":"fachadas-arquitectonicas","status":"publish","type":"page","link":"https:\/\/metalpanel.com.mx\/arquitectonico\/fachadas-arquitectonicas\/","title":{"rendered":"FACHADAS ARQUITECTONICAS"},"content":{"rendered":"\t\t<div data-elementor-type=\"wp-page\" data-elementor-id=\"13169\" class=\"elementor elementor-13169\">\n\t\t\t\t\t\t<section class=\"elementor-section elementor-top-section elementor-element elementor-element-37898fc elementor-section-stretched elementor-section-height-min-height elementor-section-boxed elementor-section-height-default elementor-section-items-middle\" data-id=\"37898fc\" data-element_type=\"section\" data-e-type=\"section\" data-settings=\"{&quot;stretch_section&quot;:&quot;section-stretched&quot;,&quot;background_background&quot;:&quot;classic&quot;}\">\n\t\t\t\t\t\t\t<div class=\"elementor-background-overlay\"><\/div>\n\t\t\t\t\t\t\t<div class=\"elementor-container elementor-column-gap-default\">\n\t\t\t\t\t<div class=\"elementor-column elementor-col-100 elementor-top-column elementor-element elementor-element-2ac37083\" data-id=\"2ac37083\" data-element_type=\"column\" data-e-type=\"column\">\n\t\t\t<div class=\"elementor-widget-wrap elementor-element-populated\">\n\t\t\t\t\t\t<div class=\"elementor-element elementor-element-19cb7344 elementor-widget elementor-widget-heading\" data-id=\"19cb7344\" data-element_type=\"widget\" data-e-type=\"widget\" data-widget_type=\"heading.default\">\n\t\t\t\t<div class=\"elementor-widget-container\">\n\t\t\t\t\t<h3 class=\"elementor-heading-title elementor-size-default\">FachADAS ARQUITECTONICAS<\/h3>\t\t\t\t<\/div>\n\t\t\t\t<\/div>\n\t\t\t\t\t<\/div>\n\t\t<\/div>\n\t\t\t\t\t<\/div>\n\t\t<\/section>\n\t\t\t\t<section class=\"elementor-section elementor-top-section elementor-element elementor-element-70cd010b elementor-section-boxed elementor-section-height-default elementor-section-height-default\" data-id=\"70cd010b\" data-element_type=\"section\" data-e-type=\"section\">\n\t\t\t\t\t\t<div class=\"elementor-container elementor-column-gap-default\">\n\t\t\t\t\t<div class=\"elementor-column elementor-col-100 elementor-top-column elementor-element elementor-element-4151efa1\" data-id=\"4151efa1\" data-element_type=\"column\" data-e-type=\"column\">\n\t\t\t<div class=\"elementor-widget-wrap elementor-element-populated\">\n\t\t\t\t\t\t<div class=\"elementor-element elementor-element-1a89adc4 elementor-widget elementor-widget-spacer\" data-id=\"1a89adc4\" data-element_type=\"widget\" data-e-type=\"widget\" data-widget_type=\"spacer.default\">\n\t\t\t\t<div class=\"elementor-widget-container\">\n\t\t\t\t\t\t\t<div class=\"elementor-spacer\">\n\t\t\t<div class=\"elementor-spacer-inner\"><\/div>\n\t\t<\/div>\n\t\t\t\t\t\t<\/div>\n\t\t\t\t<\/div>\n\t\t\t\t\t<\/div>\n\t\t<\/div>\n\t\t\t\t\t<\/div>\n\t\t<\/section>\n\t\t\t\t<section class=\"elementor-section elementor-top-section elementor-element elementor-element-288d1dfd elementor-section-boxed elementor-section-height-default elementor-section-height-default\" data-id=\"288d1dfd\" data-element_type=\"section\" data-e-type=\"section\">\n\t\t\t\t\t\t<div class=\"elementor-container elementor-column-gap-default\">\n\t\t\t\t\t<div class=\"elementor-column elementor-col-100 elementor-top-column elementor-element elementor-element-7ed77922\" data-id=\"7ed77922\" data-element_type=\"column\" data-e-type=\"column\">\n\t\t\t<div class=\"elementor-widget-wrap elementor-element-populated\">\n\t\t\t\t\t\t<div class=\"elementor-element elementor-element-7e7a0014 elementor-widget elementor-widget-text-editor\" data-id=\"7e7a0014\" data-element_type=\"widget\" data-e-type=\"widget\" data-widget_type=\"text-editor.default\">\n\t\t\t\t<div class=\"elementor-widget-container\">\n\t\t\t\t\t\t\t\t\t<h2>FACHADAS ARQUITECTONICAS<\/h2><p>Las <strong>fachadas arquitect\u00f3nicas<\/strong> son la primera impresi\u00f3n de cualquier edificio, combinando est\u00e9tica y funcionalidad para crear estructuras \u00fanicas que definen su car\u00e1cter. En nuestro enfoque, dise\u00f1amos e instalamos fachadas que no solo capturan la esencia del dise\u00f1o contempor\u00e1neo, sino que tambi\u00e9n ofrecen soluciones eficientes y sostenibles para todo tipo de proyectos arquitect\u00f3nicos.<\/p>\t\t\t\t\t\t\t\t<\/div>\n\t\t\t\t<\/div>\n\t\t\t\t\t<\/div>\n\t\t<\/div>\n\t\t\t\t\t<\/div>\n\t\t<\/section>\n\t\t\t\t<section class=\"elementor-section elementor-top-section elementor-element elementor-element-71e56994 elementor-section-boxed elementor-section-height-default elementor-section-height-default\" data-id=\"71e56994\" data-element_type=\"section\" data-e-type=\"section\">\n\t\t\t\t\t\t<div class=\"elementor-container elementor-column-gap-default\">\n\t\t\t\t\t<div class=\"elementor-column elementor-col-100 elementor-top-column elementor-element elementor-element-1ebf5f94\" data-id=\"1ebf5f94\" data-element_type=\"column\" data-e-type=\"column\">\n\t\t\t<div class=\"elementor-widget-wrap elementor-element-populated\">\n\t\t\t\t\t\t<div class=\"elementor-element elementor-element-1d4ce9a elementor-widget-divider--view-line elementor-widget elementor-widget-divider\" data-id=\"1d4ce9a\" data-element_type=\"widget\" data-e-type=\"widget\" data-widget_type=\"divider.default\">\n\t\t\t\t<div class=\"elementor-widget-container\">\n\t\t\t\t\t\t\t<div class=\"elementor-divider\">\n\t\t\t<span class=\"elementor-divider-separator\">\n\t\t\t\t\t\t<\/span>\n\t\t<\/div>\n\t\t\t\t\t\t<\/div>\n\t\t\t\t<\/div>\n\t\t\t\t<div class=\"elementor-element elementor-element-6ae3f617 elementor-widget elementor-widget-text-editor\" data-id=\"6ae3f617\" data-element_type=\"widget\" data-e-type=\"widget\" data-widget_type=\"text-editor.default\">\n\t\t\t\t<div class=\"elementor-widget-container\">\n\t\t\t\t\t\t\t\t\t<h2>\u00bfPor qu\u00e9 instalar fachadas arquitectonicas?<\/h2><ul><li><strong>Eficiencia energ\u00e9tica<\/strong>: Gracias a la incorporaci\u00f3n de materiales aislantes, nuestras fachadas reducen el consumo energ\u00e9tico del edificio, manteniendo temperaturas m\u00e1s estables en su interior.<\/li><li><strong>Durabilidad<\/strong>: Los materiales de alta calidad aseguran resistencia frente a las inclemencias clim\u00e1ticas, protegiendo la estructura durante a\u00f1os.<\/li><li><strong>Mantenimiento m\u00ednimo<\/strong>: Dise\u00f1adas para resistir el desgaste del tiempo, nuestras fachadas requieren un bajo nivel de mantenimiento, ahorrando tiempo y dinero.<\/li><li><strong>Flexibilidad de dise\u00f1o<\/strong>: Desde fachadas lisas hasta texturizadas, contamos con una amplia gama de estilos que se adaptan a cualquier proyecto arquitect\u00f3nico.<\/li><li style=\"list-style-type: none;\">\u00a0<\/li><\/ul>\t\t\t\t\t\t\t\t<\/div>\n\t\t\t\t<\/div>\n\t\t\t\t\t<\/div>\n\t\t<\/div>\n\t\t\t\t\t<\/div>\n\t\t<\/section>\n\t\t\t\t<section class=\"elementor-section elementor-top-section elementor-element elementor-element-8f56b99 elementor-section-boxed elementor-section-height-default elementor-section-height-default\" data-id=\"8f56b99\" data-element_type=\"section\" data-e-type=\"section\">\n\t\t\t\t\t\t<div class=\"elementor-container elementor-column-gap-default\">\n\t\t\t\t\t<div class=\"elementor-column elementor-col-100 elementor-top-column elementor-element elementor-element-69130398\" data-id=\"69130398\" data-element_type=\"column\" data-e-type=\"column\">\n\t\t\t<div class=\"elementor-widget-wrap elementor-element-populated\">\n\t\t\t\t\t\t<div class=\"elementor-element elementor-element-e11ae29 elementor-widget elementor-widget-heading\" data-id=\"e11ae29\" data-element_type=\"widget\" data-e-type=\"widget\" data-widget_type=\"heading.default\">\n\t\t\t\t<div class=\"elementor-widget-container\">\n\t\t\t\t\t<h2 class=\"elementor-heading-title elementor-size-default\">Materiales<\/h2>\t\t\t\t<\/div>\n\t\t\t\t<\/div>\n\t\t\t\t<section class=\"elementor-section elementor-inner-section elementor-element elementor-element-39e064d6 elementor-section-boxed elementor-section-height-default elementor-section-height-default\" data-id=\"39e064d6\" data-element_type=\"section\" data-e-type=\"section\">\n\t\t\t\t\t\t<div class=\"elementor-container elementor-column-gap-default\">\n\t\t\t\t\t<div class=\"elementor-column elementor-col-50 elementor-inner-column elementor-element elementor-element-42927ab9\" data-id=\"42927ab9\" data-element_type=\"column\" data-e-type=\"column\">\n\t\t\t<div class=\"elementor-widget-wrap elementor-element-populated\">\n\t\t\t\t\t\t<div class=\"elementor-element elementor-element-7cf23186 elementor-widget elementor-widget-image\" data-id=\"7cf23186\" data-element_type=\"widget\" data-e-type=\"widget\" data-widget_type=\"image.default\">\n\t\t\t\t<div class=\"elementor-widget-container\">\n\t\t\t\t\t\t\t\t\t\t\t\t\t\t\t<img fetchpriority=\"high\" decoding=\"async\" width=\"1355\" height=\"991\" src=\"https:\/\/metalpanel.com.mx\/arquitectonico\/wp-content\/uploads\/2024\/08\/dach-panel.jpg\" class=\"attachment-full size-full wp-image-13151\" alt=\"\" srcset=\"https:\/\/metalpanel.com.mx\/arquitectonico\/wp-content\/uploads\/2024\/08\/dach-panel.jpg 1355w, https:\/\/metalpanel.com.mx\/arquitectonico\/wp-content\/uploads\/2024\/08\/dach-panel-300x219.jpg 300w, https:\/\/metalpanel.com.mx\/arquitectonico\/wp-content\/uploads\/2024\/08\/dach-panel-1024x749.jpg 1024w, https:\/\/metalpanel.com.mx\/arquitectonico\/wp-content\/uploads\/2024\/08\/dach-panel-768x562.jpg 768w\" sizes=\"(max-width: 1355px) 100vw, 1355px\" \/>\t\t\t\t\t\t\t\t\t\t\t\t\t\t\t<\/div>\n\t\t\t\t<\/div>\n\t\t\t\t\t<\/div>\n\t\t<\/div>\n\t\t\t\t<div class=\"elementor-column elementor-col-50 elementor-inner-column elementor-element elementor-element-361a9409\" data-id=\"361a9409\" data-element_type=\"column\" data-e-type=\"column\">\n\t\t\t<div class=\"elementor-widget-wrap elementor-element-populated\">\n\t\t\t\t\t\t<div class=\"elementor-element elementor-element-5fa6abe7 elementor-arrows-position-outside elementor-widget elementor-widget-image-carousel\" data-id=\"5fa6abe7\" data-element_type=\"widget\" data-e-type=\"widget\" data-settings=\"{&quot;slides_to_show&quot;:&quot;3&quot;,&quot;slides_to_scroll&quot;:&quot;1&quot;,&quot;navigation&quot;:&quot;arrows&quot;,&quot;image_spacing_custom&quot;:{&quot;unit&quot;:&quot;px&quot;,&quot;size&quot;:10,&quot;sizes&quot;:[]},&quot;autoplay&quot;:&quot;yes&quot;,&quot;pause_on_hover&quot;:&quot;yes&quot;,&quot;pause_on_interaction&quot;:&quot;yes&quot;,&quot;autoplay_speed&quot;:5000,&quot;infinite&quot;:&quot;yes&quot;,&quot;speed&quot;:500,&quot;image_spacing_custom_tablet&quot;:{&quot;unit&quot;:&quot;px&quot;,&quot;size&quot;:&quot;&quot;,&quot;sizes&quot;:[]},&quot;image_spacing_custom_mobile&quot;:{&quot;unit&quot;:&quot;px&quot;,&quot;size&quot;:&quot;&quot;,&quot;sizes&quot;:[]}}\" data-widget_type=\"image-carousel.default\">\n\t\t\t\t<div class=\"elementor-widget-container\">\n\t\t\t\t\t\t\t<div class=\"elementor-image-carousel-wrapper swiper\" role=\"region\" aria-roledescription=\"carousel\" aria-label=\"Carrusel de im\u00e1genes\" dir=\"ltr\">\n\t\t\t<div class=\"elementor-image-carousel swiper-wrapper\" aria-live=\"off\">\n\t\t\t\t\t\t\t\t<div class=\"swiper-slide\" role=\"group\" aria-roledescription=\"slide\" aria-label=\"1 de 3\"><figure class=\"swiper-slide-inner\"><img decoding=\"async\" class=\"swiper-slide-image\" src=\"https:\/\/metalpanel.com.mx\/arquitectonico\/wp-content\/uploads\/2024\/08\/PLANTILLA-MENU-PAGINA-WEB-COMERCIAL-3.jpg\" alt=\"PLANTILLA MENU PAGINA WEB COMERCIAL 3\" \/><\/figure><\/div><div class=\"swiper-slide\" role=\"group\" aria-roledescription=\"slide\" aria-label=\"2 de 3\"><figure class=\"swiper-slide-inner\"><img decoding=\"async\" class=\"swiper-slide-image\" src=\"https:\/\/metalpanel.com.mx\/arquitectonico\/wp-content\/uploads\/2024\/09\/panel-aluminio.jpg\" alt=\"panel aluminio\" \/><\/figure><\/div><div class=\"swiper-slide\" role=\"group\" aria-roledescription=\"slide\" aria-label=\"3 de 3\"><figure class=\"swiper-slide-inner\"><img decoding=\"async\" class=\"swiper-slide-image\" src=\"https:\/\/metalpanel.com.mx\/arquitectonico\/wp-content\/uploads\/2024\/09\/panel-fenolico.jpg\" alt=\"panel fenolico\" \/><\/figure><\/div>\t\t\t<\/div>\n\t\t\t\t\t\t\t\t\t\t\t\t<div class=\"elementor-swiper-button elementor-swiper-button-prev\" role=\"button\" tabindex=\"0\">\n\t\t\t\t\t\t<svg aria-hidden=\"true\" class=\"e-font-icon-svg e-eicon-chevron-left\" viewBox=\"0 0 1000 1000\" xmlns=\"http:\/\/www.w3.org\/2000\/svg\"><path d=\"M646 125C629 125 613 133 604 142L308 442C296 454 292 471 292 487 292 504 296 521 308 533L604 854C617 867 629 875 646 875 663 875 679 871 692 858 704 846 713 829 713 812 713 796 708 779 692 767L438 487 692 225C700 217 708 204 708 187 708 171 704 154 692 142 675 129 663 125 646 125Z\"><\/path><\/svg>\t\t\t\t\t<\/div>\n\t\t\t\t\t<div class=\"elementor-swiper-button elementor-swiper-button-next\" role=\"button\" tabindex=\"0\">\n\t\t\t\t\t\t<svg aria-hidden=\"true\" class=\"e-font-icon-svg e-eicon-chevron-right\" viewBox=\"0 0 1000 1000\" xmlns=\"http:\/\/www.w3.org\/2000\/svg\"><path d=\"M696 533C708 521 713 504 713 487 713 471 708 454 696 446L400 146C388 133 375 125 354 125 338 125 325 129 313 142 300 154 292 171 292 187 292 204 296 221 308 233L563 492 304 771C292 783 288 800 288 817 288 833 296 850 308 863 321 871 338 875 354 875 371 875 388 867 400 854L696 533Z\"><\/path><\/svg>\t\t\t\t\t<\/div>\n\t\t\t\t\n\t\t\t\t\t\t\t\t\t<\/div>\n\t\t\t\t\t\t<\/div>\n\t\t\t\t<\/div>\n\t\t\t\t\t<\/div>\n\t\t<\/div>\n\t\t\t\t\t<\/div>\n\t\t<\/section>\n\t\t\t\t\t<\/div>\n\t\t<\/div>\n\t\t\t\t\t<\/div>\n\t\t<\/section>\n\t\t\t\t<section class=\"elementor-section elementor-top-section elementor-element elementor-element-66f6eff0 elementor-section-boxed elementor-section-height-default elementor-section-height-default\" data-id=\"66f6eff0\" data-element_type=\"section\" data-e-type=\"section\">\n\t\t\t\t\t\t<div class=\"elementor-container elementor-column-gap-default\">\n\t\t\t\t\t<div class=\"elementor-column elementor-col-100 elementor-top-column elementor-element elementor-element-227f9a9e\" data-id=\"227f9a9e\" data-element_type=\"column\" data-e-type=\"column\">\n\t\t\t<div class=\"elementor-widget-wrap elementor-element-populated\">\n\t\t\t\t\t\t<div class=\"elementor-element elementor-element-418ea6a8 elementor-widget elementor-widget-spacer\" data-id=\"418ea6a8\" data-element_type=\"widget\" data-e-type=\"widget\" data-widget_type=\"spacer.default\">\n\t\t\t\t<div class=\"elementor-widget-container\">\n\t\t\t\t\t\t\t<div class=\"elementor-spacer\">\n\t\t\t<div class=\"elementor-spacer-inner\"><\/div>\n\t\t<\/div>\n\t\t\t\t\t\t<\/div>\n\t\t\t\t<\/div>\n\t\t\t\t\t<\/div>\n\t\t<\/div>\n\t\t\t\t\t<\/div>\n\t\t<\/section>\n\t\t\t\t<\/div>\n\t\t","protected":false},"excerpt":{"rendered":"<p>FachADAS ARQUITECTONICAS FACHADAS ARQUITECTONICAS Las fachadas arquitect\u00f3nicas son la primera impresi\u00f3n de cualquier edificio, combinando est\u00e9tica y funcionalidad para crear estructuras \u00fanicas que definen su car\u00e1cter. En nuestro enfoque, dise\u00f1amos e instalamos fachadas que no solo capturan la esencia del dise\u00f1o contempor\u00e1neo, sino que tambi\u00e9n ofrecen soluciones eficientes y sostenibles para todo tipo de proyectos arquitect\u00f3nicos. \u00bfPor qu\u00e9 instalar fachadas arquitectonicas? Eficiencia energ\u00e9tica: Gracias a la incorporaci\u00f3n de materiales aislantes, nuestras fachadas reducen el consumo energ\u00e9tico del edificio, manteniendo temperaturas m\u00e1s estables en su interior. Durabilidad: Los materiales de alta calidad aseguran resistencia frente a las inclemencias clim\u00e1ticas, protegiendo la estructura durante a\u00f1os. Mantenimiento m\u00ednimo: Dise\u00f1adas para resistir el desgaste del tiempo, nuestras fachadas requieren un bajo nivel de mantenimiento, ahorrando tiempo y dinero. Flexibilidad de dise\u00f1o: Desde fachadas lisas hasta texturizadas, contamos con una amplia gama de estilos que se adaptan a cualquier proyecto arquitect\u00f3nico. \u00a0 Materiales<\/p>\n","protected":false},"author":1,"featured_media":0,"parent":0,"menu_order":0,"comment_status":"closed","ping_status":"closed","template":"","meta":{"footnotes":""},"class_list":["post-13169","page","type-page","status-publish"],"_links":{"self":[{"href":"https:\/\/metalpanel.com.mx\/arquitectonico\/wp-json\/wp\/v2\/pages\/13169","targetHints":{"allow":["GET"]}}],"collection":[{"href":"https:\/\/metalpanel.com.mx\/arquitectonico\/wp-json\/wp\/v2\/pages"}],"about":[{"href":"https:\/\/metalpanel.com.mx\/arquitectonico\/wp-json\/wp\/v2\/types\/page"}],"author":[{"embeddable":true,"href":"https:\/\/metalpanel.com.mx\/arquitectonico\/wp-json\/wp\/v2\/users\/1"}],"replies":[{"embeddable":true,"href":"https:\/\/metalpanel.com.mx\/arquitectonico\/wp-json\/wp\/v2\/comments?post=13169"}],"version-history":[{"count":34,"href":"https:\/\/metalpanel.com.mx\/arquitectonico\/wp-json\/wp\/v2\/pages\/13169\/revisions"}],"predecessor-version":[{"id":13289,"href":"https:\/\/metalpanel.com.mx\/arquitectonico\/wp-json\/wp\/v2\/pages\/13169\/revisions\/13289"}],"wp:attachment":[{"href":"https:\/\/metalpanel.com.mx\/arquitectonico\/wp-json\/wp\/v2\/media?parent=13169"}],"curies":[{"name":"wp","href":"https:\/\/api.w.org\/{rel}","templated":true}]}}